{"id":74,"date":"2020-06-24T17:42:55","date_gmt":"2020-06-24T15:42:55","guid":{"rendered":"http:\/\/baeckerei-schiffer.com\/jobs\/?page_id=74"},"modified":"2020-06-24T17:44:06","modified_gmt":"2020-06-24T15:44:06","slug":"impressum","status":"publish","type":"page","link":"https:\/\/baeckerei-schiffer.com\/jobs\/impressum\/","title":{"rendered":"Impressum"},"content":{"rendered":"\n<p class=\"has-text-color has-very-dark-gray-color\">B\u00e4ckerei Schiffer GmbH &amp; Co. KG<\/p>\n\n\n\n<p class=\"has-text-color has-very-dark-gray-color\">vertreten durch&nbsp;<\/p>\n\n\n\n<p class=\"has-text-color has-very-dark-gray-color\"><strong>Burkard Schiffer<\/strong><\/p>\n\n\n\n<p class=\"has-text-color has-very-dark-gray-color\">St.-Benedikt-Stra\u00dfe 10<br>97072 W\u00fcrzburg<\/p>\n\n\n\n<p class=\"has-text-color has-very-dark-gray-color\">0931 3211715<\/p>\n\n\n\n<p class=\"has-text-color has-very-dark-gray-color\"><strong><br>HANDELSREGISTEREINTRAG<\/strong><br>W\u00fcrzburg HRA 7666<br>Ust-Ident-Nummer DE 308475942<\/p>\n\n\n\n<p class=\"has-text-color has-very-dark-gray-color\"><br><br>Fragen und Anregungen bitte an uns pers\u00f6nlich:<\/p>\n\n\n\n<p class=\"has-text-color has-very-dark-gray-color\">info@baeckerei-schiffer.com<\/p>\n\n\n\n<p class=\"has-text-color has-very-dark-gray-color\"><strong>Copyright und Disclaimer<\/strong><\/p>\n\n\n\n<p class=\"has-text-color has-very-dark-gray-color\">Der Anbieter dieser Seite stellt Ihnen die Website zur Benutzung bereit. Mit der Nutzung der Website erkl\u00e4ren Sie sich mit den im folgenden aufgef\u00fchrten Bedingungen einverstanden. Eine jederzeitige \u00c4nderung der Bedingungen beh\u00e4lt sich die Handelskammer Deutschland-Schweiz ausdr\u00fccklich vor.<\/p>\n\n\n\n<p class=\"has-text-color has-very-dark-gray-color\"><strong>Urheberrecht<\/strong><\/p>\n\n\n\n<p class=\"has-text-color has-very-dark-gray-color\">Inhalt, Informationen und das Material der Website des Anbietes sind urheberrechtlich gesch\u00fctzt. Der Anbieter l\u00e4sst die Vervielf\u00e4ltigung des Inhalts, der Informationen und des Materials dieser Website nur f\u00fcr den pers\u00f6nlichen, nicht-kommerziellen Gebrauch zu. Im \u00fcbrigen sind die Vervielf\u00e4ltigung, Distribution, \u00c4nderungen und Weitergabe des Inhalts, der Informationen und des Materials auf dieser Website ohne die Zustimmung des Anbieters untersagt.<\/p>\n\n\n\n<p class=\"has-text-color has-very-dark-gray-color\"><strong>Haftung f\u00fcr Inhalte<\/strong><\/p>\n\n\n\n<p class=\"has-text-color has-very-dark-gray-color\">Der Anbieter hat die Website und die darin enthaltenen Informationen mit gr\u00f6sstm\u00f6glicher Sorgfalt erstellt. Alle Informationen auf der Website des Anbieters erfolgen ohne Gew\u00e4hr f\u00fcr ihre Richtigkeit. Wir schliessen die Haftung f\u00fcr Sch\u00e4den aus, die sich direkt oder indirekt aus der Verwendung der Website und der darin enthaltenen Informationen ergeben k\u00f6nnen. Hiervon ausgenommen ist die Haftung f\u00fcr Vorsatz oder grobe Fahrl\u00e4ssigkeit. Dasselbe gilt f\u00fcr die Inhalte in unseren Datenbanken. Diese beruhen auf freiwilligen Angaben, die uns von den jeweiligen Unternehmen \u00fcbermittelt wurden. Auch hier \u00fcbernehmen wir keine Haftung f\u00fcr Sch\u00e4den, die sich direkt oder indirekt aus der Verwendung der enthaltenen Informationen ergeben k\u00f6nnen, ausgenommen diese beruhen auf Vorsatz oder grober Fahrl\u00e4ssigkeit.<\/p>\n\n\n\n<p class=\"has-text-color has-very-dark-gray-color\"><strong>Haftung f\u00fcr Links<\/strong><\/p>\n\n\n\n<p class=\"has-text-color has-very-dark-gray-color\">Der Anbieter \u00fcbernimmt auch keine Haftung f\u00fcr die Inhalte anderer Websites, die Sie \u00fcber Hyperlinks vom Angebot des Anbieters aus besuchen k\u00f6nnen oder von denen aus auf diese Website hingewiesen wird. Hierbei handelt es sich um fremde Angebote, auf deren inhaltliche Gestaltung wir keinen Einfluss haben, und f\u00fcr die der Anbieter nicht verantwortlich ist.<\/p>\n\n\n\n<p><strong>Datenschutz<\/strong><\/p>\n\n\n\n<p class=\"has-text-color has-very-dark-gray-color\">Soweit auf der Website des Anbieters personenbezogene Daten (beispielsweise Name, Anschrift oder E-Mail-Adressen) erhoben werden, erfolgt dies soweit m\u00f6glich auf stets freiwilliger Basis. Die Nutzung der Angebote und Dienste ist, soweit m\u00f6glich, stets ohne Angabe personenbezogener Daten m\u00f6glich.<\/p>\n","protected":false},"excerpt":{"rendered":"<p> [&hellip;]<\/p>\n","protected":false},"author":1,"featured_media":0,"parent":0,"menu_order":0,"comment_status":"closed","ping_status":"closed","template":"","meta":{"cybocfi_hide_featured_image":""},"yoast_head":"<!-- This site is optimized with the Yoast SEO plugin v19.3 - https:\/\/yoast.com\/wordpress\/plugins\/seo\/ -->\n<title>Impressum - Familienb\u00e4ckerei Schiffer - Jobs<\/title>\n<meta name=\"robots\" content=\"index, follow, max-snippet:-1, max-image-preview:large, max-video-preview:-1\" \/>\n<link rel=\"canonical\" href=\"https:\/\/baeckerei-schiffer.com\/jobs\/impressum\/\" \/>\n<meta property=\"og:locale\" content=\"de_DE\" \/>\n<meta property=\"og:type\" content=\"article\" \/>\n<meta property=\"og:title\" content=\"Impressum - Familienb\u00e4ckerei Schiffer - Jobs\" \/>\n<meta property=\"og:description\" content=\"[&hellip;]\" \/>\n<meta property=\"og:url\" content=\"https:\/\/baeckerei-schiffer.com\/jobs\/impressum\/\" \/>\n<meta property=\"og:site_name\" content=\"Familienb\u00e4ckerei Schiffer - Jobs\" \/>\n<meta property=\"article:modified_time\" content=\"2020-06-24T15:44:06+00:00\" \/>\n<meta name=\"twitter:card\" content=\"summary_large_image\" \/>\n<meta name=\"twitter:label1\" content=\"Gesch\u00e4tzte Lesezeit\" \/>\n\t<meta name=\"twitter:data1\" content=\"2\u00a0Minuten\" \/>\n<script type=\"application\/ld+json\" class=\"yoast-schema-graph\">{\"@context\":\"https:\/\/schema.org\",\"@graph\":[{\"@type\":\"WebSite\",\"@id\":\"https:\/\/baeckerei-schiffer.com\/jobs\/#website\",\"url\":\"https:\/\/baeckerei-schiffer.com\/jobs\/\",\"name\":\"Familienb\u00e4ckerei Schiffer - Jobs\",\"description\":\"Hier findest du aktuelle Stellen-Ausschreibungen.\",\"potentialAction\":[{\"@type\":\"SearchAction\",\"target\":{\"@type\":\"EntryPoint\",\"urlTemplate\":\"https:\/\/baeckerei-schiffer.com\/jobs\/?s={search_term_string}\"},\"query-input\":\"required name=search_term_string\"}],\"inLanguage\":\"de\"},{\"@type\":\"WebPage\",\"@id\":\"https:\/\/baeckerei-schiffer.com\/jobs\/impressum\/\",\"url\":\"https:\/\/baeckerei-schiffer.com\/jobs\/impressum\/\",\"name\":\"Impressum - Familienb\u00e4ckerei Schiffer - Jobs\",\"isPartOf\":{\"@id\":\"https:\/\/baeckerei-schiffer.com\/jobs\/#website\"},\"datePublished\":\"2020-06-24T15:42:55+00:00\",\"dateModified\":\"2020-06-24T15:44:06+00:00\",\"breadcrumb\":{\"@id\":\"https:\/\/baeckerei-schiffer.com\/jobs\/impressum\/#breadcrumb\"},\"inLanguage\":\"de\",\"potentialAction\":[{\"@type\":\"ReadAction\",\"target\":[\"https:\/\/baeckerei-schiffer.com\/jobs\/impressum\/\"]}]},{\"@type\":\"BreadcrumbList\",\"@id\":\"https:\/\/baeckerei-schiffer.com\/jobs\/impressum\/#breadcrumb\",\"itemListElement\":[{\"@type\":\"ListItem\",\"position\":1,\"name\":\"Startseite\",\"item\":\"https:\/\/baeckerei-schiffer.com\/jobs\/\"},{\"@type\":\"ListItem\",\"position\":2,\"name\":\"Impressum\"}]}]}<\/script>\n<!-- \/ Yoast SEO plugin. -->","yoast_head_json":{"title":"Impressum - Familienb\u00e4ckerei Schiffer - Jobs","robots":{"index":"index","follow":"follow","max-snippet":"max-snippet:-1","max-image-preview":"max-image-preview:large","max-video-preview":"max-video-preview:-1"},"canonical":"https:\/\/baeckerei-schiffer.com\/jobs\/impressum\/","og_locale":"de_DE","og_type":"article","og_title":"Impressum - Familienb\u00e4ckerei Schiffer - Jobs","og_description":"[&hellip;]","og_url":"https:\/\/baeckerei-schiffer.com\/jobs\/impressum\/","og_site_name":"Familienb\u00e4ckerei Schiffer - Jobs","article_modified_time":"2020-06-24T15:44:06+00:00","twitter_card":"summary_large_image","twitter_misc":{"Gesch\u00e4tzte Lesezeit":"2\u00a0Minuten"},"schema":{"@context":"https:\/\/schema.org","@graph":[{"@type":"WebSite","@id":"https:\/\/baeckerei-schiffer.com\/jobs\/#website","url":"https:\/\/baeckerei-schiffer.com\/jobs\/","name":"Familienb\u00e4ckerei Schiffer - Jobs","description":"Hier findest du aktuelle Stellen-Ausschreibungen.","potentialAction":[{"@type":"SearchAction","target":{"@type":"EntryPoint","urlTemplate":"https:\/\/baeckerei-schiffer.com\/jobs\/?s={search_term_string}"},"query-input":"required name=search_term_string"}],"inLanguage":"de"},{"@type":"WebPage","@id":"https:\/\/baeckerei-schiffer.com\/jobs\/impressum\/","url":"https:\/\/baeckerei-schiffer.com\/jobs\/impressum\/","name":"Impressum - Familienb\u00e4ckerei Schiffer - Jobs","isPartOf":{"@id":"https:\/\/baeckerei-schiffer.com\/jobs\/#website"},"datePublished":"2020-06-24T15:42:55+00:00","dateModified":"2020-06-24T15:44:06+00:00","breadcrumb":{"@id":"https:\/\/baeckerei-schiffer.com\/jobs\/impressum\/#breadcrumb"},"inLanguage":"de","potentialAction":[{"@type":"ReadAction","target":["https:\/\/baeckerei-schiffer.com\/jobs\/impressum\/"]}]},{"@type":"BreadcrumbList","@id":"https:\/\/baeckerei-schiffer.com\/jobs\/impressum\/#breadcrumb","itemListElement":[{"@type":"ListItem","position":1,"name":"Startseite","item":"https:\/\/baeckerei-schiffer.com\/jobs\/"},{"@type":"ListItem","position":2,"name":"Impressum"}]}]}},"_links":{"self":[{"href":"https:\/\/baeckerei-schiffer.com\/jobs\/wp-json\/wp\/v2\/pages\/74"}],"collection":[{"href":"https:\/\/baeckerei-schiffer.com\/jobs\/wp-json\/wp\/v2\/pages"}],"about":[{"href":"https:\/\/baeckerei-schiffer.com\/jobs\/wp-json\/wp\/v2\/types\/page"}],"author":[{"embeddable":true,"href":"https:\/\/baeckerei-schiffer.com\/jobs\/wp-json\/wp\/v2\/users\/1"}],"replies":[{"embeddable":true,"href":"https:\/\/baeckerei-schiffer.com\/jobs\/wp-json\/wp\/v2\/comments?post=74"}],"version-history":[{"count":2,"href":"https:\/\/baeckerei-schiffer.com\/jobs\/wp-json\/wp\/v2\/pages\/74\/revisions"}],"predecessor-version":[{"id":76,"href":"https:\/\/baeckerei-schiffer.com\/jobs\/wp-json\/wp\/v2\/pages\/74\/revisions\/76"}],"wp:attachment":[{"href":"https:\/\/baeckerei-schiffer.com\/jobs\/wp-json\/wp\/v2\/media?parent=74"}],"curies":[{"name":"wp","href":"https:\/\/api.w.org\/{rel}","templated":true}]}}